{"id":1843,"date":"2021-05-26T23:24:00","date_gmt":"2021-05-26T23:24:00","guid":{"rendered":"https:\/\/afterfishingaccessories.com\/?page_id=1843"},"modified":"2022-06-13T20:10:30","modified_gmt":"2022-06-13T20:10:30","slug":"retailers","status":"publish","type":"page","link":"https:\/\/afterfishingaccessories.com\/en\/retailers\/","title":{"rendered":"\u00c5terf\u00f6rs\u00e4ljare"},"content":{"rendered":"<div data-elementor-type=\"wp-page\" data-elementor-id=\"1843\" class=\"elementor elementor-1843\">\n\t\t\t\t\t\t<section class=\"elementor-section elementor-top-section elementor-element elementor-element-15bfbce4 elementor-section-boxed elementor-section-height-default elementor-section-height-default\" data-id=\"15bfbce4\" data-element_type=\"section\" data-e-type=\"section\">\n\t\t\t\t\t\t<div class=\"elementor-container elementor-column-gap-default\">\n\t\t\t\t\t<div class=\"elementor-column elementor-col-100 elementor-top-column elementor-element elementor-element-5e1291e7\" data-id=\"5e1291e7\" data-element_type=\"column\" data-e-type=\"column\">\n\t\t\t<div class=\"elementor-widget-wrap elementor-element-populated\">\n\t\t\t\t\t\t<div class=\"elementor-element elementor-element-2f685050 elementor-widget elementor-widget-text-editor\" data-id=\"2f685050\" data-element_type=\"widget\" data-e-type=\"widget\" data-widget_type=\"text-editor.default\">\n\t\t\t\t<div class=\"elementor-widget-container\">\n\t\t\t\t\t\t\t\t\t\t\t\t\t\t\t\t\t<\/div>\n\t\t\t\t<\/div>\n\t\t\t\t<div class=\"elementor-element elementor-element-7094159 elementor-widget elementor-widget-text-editor\" data-id=\"7094159\" data-element_type=\"widget\" data-e-type=\"widget\" data-widget_type=\"text-editor.default\">\n\t\t\t\t<div class=\"elementor-widget-container\">\n\t\t\t\t\t\t\t\t\t<p>Hitta v\u00e5ra produkter i din n\u00e4rmaste fiskebutik eller best\u00e4lla dem h\u00e4r! Hittar du de inte i din n\u00e4rmaste butik, kontakta oss ifall vi kan leverera v\u00e5ra produkter till dem.<\/p>\n<p>\u00c4r du en fiskebutik, kontakta oss\u00a0<span style=\"background-color: var(--ast-global-color-5); color: var(--ast-global-color-3); font-size: 1rem;\">g\u00e4rna<\/span><span style=\"background-color: var(--ast-global-color-5); color: var(--ast-global-color-3); font-size: 1rem;\">\u00a0<\/span><span style=\"font-style: inherit; font-weight: inherit; background-color: var(--ast-global-color-5); color: var(--ast-global-color-3);\">f\u00f6r att h\u00f6ra efter After Fishing produkter!<\/span><\/p>\t\t\t\t\t\t\t\t<\/div>\n\t\t\t\t<\/div>\n\t\t\t\t<div class=\"elementor-element elementor-element-02ec6ae elementor-button-info elementor-widget elementor-widget-button\" data-id=\"02ec6ae\" data-element_type=\"widget\" data-e-type=\"widget\" data-widget_type=\"button.default\">\n\t\t\t\t<div class=\"elementor-widget-container\">\n\t\t\t\t\t\t\t\t\t<div class=\"elementor-button-wrapper\">\n\t\t\t\t\t<a class=\"elementor-button elementor-button-link elementor-size-sm\" href=\"https:\/\/afterfishingaccessories.com\/en\/contact-us\/\">\n\t\t\t\t\t\t<span class=\"elementor-button-content-wrapper\">\n\t\t\t\t\t\t\t\t\t<span class=\"elementor-button-text\">Kontakt<\/span>\n\t\t\t\t\t<\/span>\n\t\t\t\t\t<\/a>\n\t\t\t\t<\/div>\n\t\t\t\t\t\t\t\t<\/div>\n\t\t\t\t<\/div>\n\t\t\t\t<section class=\"elementor-section elementor-inner-section elementor-element elementor-element-36b4569 elementor-section-boxed elementor-section-height-default elementor-section-height-default\" data-id=\"36b4569\" data-element_type=\"section\" data-e-type=\"section\">\n\t\t\t\t\t\t<div class=\"elementor-container elementor-column-gap-default\">\n\t\t\t\t\t<div class=\"elementor-column elementor-col-33 elementor-inner-column elementor-element elementor-element-4c0534a\" data-id=\"4c0534a\" data-element_type=\"column\" data-e-type=\"column\">\n\t\t\t<div class=\"elementor-widget-wrap elementor-element-populated\">\n\t\t\t\t\t\t<div class=\"elementor-element elementor-element-5b22465 elementor-widget elementor-widget-image\" data-id=\"5b22465\" data-element_type=\"widget\" data-e-type=\"widget\" data-widget_type=\"image.default\">\n\t\t\t\t<div class=\"elementor-widget-container\">\n\t\t\t\t\t\t\t\t\t\t\t\t\t\t\t<img decoding=\"async\" width=\"150\" height=\"150\" src=\"https:\/\/afterfishingaccessories.com\/wp-content\/uploads\/2022\/06\/AKH_1856-150x150.png\" class=\"attachment-thumbnail size-thumbnail wp-image-3801\" alt=\"\" srcset=\"https:\/\/afterfishingaccessories.com\/wp-content\/uploads\/2022\/06\/AKH_1856-150x150.png 150w, https:\/\/afterfishingaccessories.com\/wp-content\/uploads\/2022\/06\/AKH_1856-300x300.png 300w, https:\/\/afterfishingaccessories.com\/wp-content\/uploads\/2022\/06\/AKH_1856-100x100.png 100w\" sizes=\"(max-width: 150px) 100vw, 150px\" \/>\t\t\t\t\t\t\t\t\t\t\t\t\t\t\t<\/div>\n\t\t\t\t<\/div>\n\t\t\t\t\t<\/div>\n\t\t<\/div>\n\t\t\t\t<div class=\"elementor-column elementor-col-33 elementor-inner-column elementor-element elementor-element-9fb80dc\" data-id=\"9fb80dc\" data-element_type=\"column\" data-e-type=\"column\">\n\t\t\t<div class=\"elementor-widget-wrap elementor-element-populated\">\n\t\t\t\t\t\t<div class=\"elementor-element elementor-element-a3acee3 elementor-widget elementor-widget-image\" data-id=\"a3acee3\" data-element_type=\"widget\" data-e-type=\"widget\" data-widget_type=\"image.default\">\n\t\t\t\t<div class=\"elementor-widget-container\">\n\t\t\t\t\t\t\t\t\t\t\t\t\t\t\t<img fetchpriority=\"high\" decoding=\"async\" width=\"2560\" height=\"1448\" src=\"https:\/\/afterfishingaccessories.com\/wp-content\/uploads\/2022\/05\/Displayboxes_3_openbow_white_bg-scaled.jpg\" class=\"attachment-full size-full wp-image-2786\" alt=\"\" srcset=\"https:\/\/afterfishingaccessories.com\/wp-content\/uploads\/2022\/05\/Displayboxes_3_openbow_white_bg-scaled.jpg 2560w, https:\/\/afterfishingaccessories.com\/wp-content\/uploads\/2022\/05\/Displayboxes_3_openbow_white_bg-scaled-600x339.jpg 600w, https:\/\/afterfishingaccessories.com\/wp-content\/uploads\/2022\/05\/Displayboxes_3_openbow_white_bg-300x170.jpg 300w, https:\/\/afterfishingaccessories.com\/wp-content\/uploads\/2022\/05\/Displayboxes_3_openbow_white_bg-1024x579.jpg 1024w, https:\/\/afterfishingaccessories.com\/wp-content\/uploads\/2022\/05\/Displayboxes_3_openbow_white_bg-768x434.jpg 768w, https:\/\/afterfishingaccessories.com\/wp-content\/uploads\/2022\/05\/Displayboxes_3_openbow_white_bg-1536x869.jpg 1536w, https:\/\/afterfishingaccessories.com\/wp-content\/uploads\/2022\/05\/Displayboxes_3_openbow_white_bg-2048x1158.jpg 2048w\" sizes=\"(max-width: 2560px) 100vw, 2560px\" \/>\t\t\t\t\t\t\t\t\t\t\t\t\t\t\t<\/div>\n\t\t\t\t<\/div>\n\t\t\t\t\t<\/div>\n\t\t<\/div>\n\t\t\t\t<div class=\"elementor-column elementor-col-33 elementor-inner-column elementor-element elementor-element-ab7335b\" data-id=\"ab7335b\" data-element_type=\"column\" data-e-type=\"column\">\n\t\t\t<div class=\"elementor-widget-wrap elementor-element-populated\">\n\t\t\t\t\t\t<div class=\"elementor-element elementor-element-09806a6 elementor-widget elementor-widget-image\" data-id=\"09806a6\" data-element_type=\"widget\" data-e-type=\"widget\" data-widget_type=\"image.default\">\n\t\t\t\t<div class=\"elementor-widget-container\">\n\t\t\t\t\t\t\t\t\t\t\t\t\t\t\t<img decoding=\"async\" width=\"150\" height=\"150\" src=\"https:\/\/afterfishingaccessories.com\/wp-content\/uploads\/2022\/06\/plexiglas_display_AF_SV_1b-150x150.png\" class=\"attachment-thumbnail size-thumbnail wp-image-3802\" alt=\"\" srcset=\"https:\/\/afterfishingaccessories.com\/wp-content\/uploads\/2022\/06\/plexiglas_display_AF_SV_1b-150x150.png 150w, https:\/\/afterfishingaccessories.com\/wp-content\/uploads\/2022\/06\/plexiglas_display_AF_SV_1b-300x300.png 300w, https:\/\/afterfishingaccessories.com\/wp-content\/uploads\/2022\/06\/plexiglas_display_AF_SV_1b-100x100.png 100w\" sizes=\"(max-width: 150px) 100vw, 150px\" \/>\t\t\t\t\t\t\t\t\t\t\t\t\t\t\t<\/div>\n\t\t\t\t<\/div>\n\t\t\t\t\t<\/div>\n\t\t<\/div>\n\t\t\t\t\t<\/div>\n\t\t<\/section>\n\t\t\t\t\t<\/div>\n\t\t<\/div>\n\t\t\t\t\t<\/div>\n\t\t<\/section>\n\t\t\t\t<section class=\"elementor-section elementor-top-section elementor-element elementor-element-8cf97b4 elementor-section-boxed elementor-section-height-default elementor-section-height-default\" data-id=\"8cf97b4\" data-element_type=\"section\" data-e-type=\"section\">\n\t\t\t\t\t\t<div class=\"elementor-container elementor-column-gap-default\">\n\t\t\t\t\t<div class=\"elementor-column elementor-col-100 elementor-top-column elementor-element elementor-element-d5b78f4\" data-id=\"d5b78f4\" data-element_type=\"column\" data-e-type=\"column\">\n\t\t\t<div class=\"elementor-widget-wrap elementor-element-populated\">\n\t\t\t\t\t\t<div class=\"elementor-element elementor-element-c820115 elementor-widget elementor-widget-shortcode\" data-id=\"c820115\" data-element_type=\"widget\" data-e-type=\"widget\" data-widget_type=\"shortcode.default\">\n\t\t\t\t<div class=\"elementor-widget-container\">\n\t\t\t\t\t\t\t<div class=\"elementor-shortcode\">\n<table id=\"tablepress-1\" class=\"tablepress tablepress-id-1\">\n<thead>\n<tr class=\"row-1\">\n\t<th class=\"column-1\">\u00c5terf\u00f6rs\u00e4ljare<\/th><th class=\"column-2\">F\u00f6retag<\/th><th class=\"column-3\">Adress<\/th><th class=\"column-4\">Land<\/th>\n<\/tr>\n<\/thead>\n<tbody class=\"row-striping row-hover\">\n<tr class=\"row-2\">\n\t<td class=\"column-1\"><a href=\"https:\/\/stockholmsportfiske.se\/sv\/\/\" target=\"_blank\" rel=\"noopener\">StockholmsSportfiske<\/a><\/td><td class=\"column-2\">sportfiskebutik<\/td><td class=\"column-3\">Hamnv\u00e4gen 3,<br \/>\n143 30 V\u00e5rby, Stockholm<\/td><td class=\"column-4\">Sverige<\/td>\n<\/tr>\n<tr class=\"row-3\">\n\t<td class=\"column-1\"><a href=\"https:\/\/www.fiskeoutdoor.com\/\" target=\"_blank\" rel=\"noopener\">Fiske &amp; Outdoor<\/a><\/td><td class=\"column-2\">sportfiskebutik<\/td><td class=\"column-3\">Industrigatan 18,<br \/>\n55302 J\u00f6nk\u00f6ping<\/td><td class=\"column-4\">Sverige<\/td>\n<\/tr>\n<tr class=\"row-4\">\n\t<td class=\"column-1\"><a href=\"https:\/\/www.fiskedags.se\/\" target=\"_blank\" rel=\"noopener\">Fiskedags<\/a><\/td><td class=\"column-2\">sportfiskebutik<\/td><td class=\"column-3\">\u00d6stra Hindbyv\u00e4gen 30,<br \/>\n21374 Malm\u00f6<\/td><td class=\"column-4\">Sverige<\/td>\n<\/tr>\n<tr class=\"row-5\">\n\t<td class=\"column-1\"><a href=\"https:\/\/www.tsourosmarine.gr\/en\/\" rel=\"noopener\" target=\"_blank\">Tsouros Marine<\/a><\/td><td class=\"column-2\">sportfiskebutik<\/td><td class=\"column-3\">El. Venizelou 8, 81100 Mytilene<\/td><td class=\"column-4\">Grekland<\/td>\n<\/tr>\n<tr class=\"row-6\">\n\t<td class=\"column-1\">Kasambalis Bros<\/td><td class=\"column-2\">fiskeutrustning grossist<\/td><td class=\"column-3\">Marathonos 13,  564 29 Thessaloniki<\/td><td class=\"column-4\">Grekland<\/td>\n<\/tr>\n<tr class=\"row-7\">\n\t<td class=\"column-1\">Sundbybergs Sportfiske<\/td><td class=\"column-2\">sportfiskebutik<\/td><td class=\"column-3\">Tritonv\u00e4gen 12, 172 63 Sundbyberg<\/td><td class=\"column-4\">Sverige<\/td>\n<\/tr>\n<tr class=\"row-8\">\n\t<td class=\"column-1\"><a href=\"http:\/\/afterfishingaccessories.com\/en\/store\/\">After Fishing<\/a><\/td><td class=\"column-2\">tilverkare\/webbutik<\/td><td class=\"column-3\"><a href=\"http:\/\/afterfishingaccessories.com\/en\/store\/\">afterfishingaccessories.com\/store<\/a><\/td><td class=\"column-4\">Sverige<\/td>\n<\/tr>\n<\/tbody>\n<\/table>\n<!-- #tablepress-1 from cache --><\/div>\n\t\t\t\t\t\t<\/div>\n\t\t\t\t<\/div>\n\t\t\t\t\t<\/div>\n\t\t<\/div>\n\t\t\t\t\t<\/div>\n\t\t<\/section>\n\t\t\t\t<section class=\"elementor-section elementor-top-section elementor-element elementor-element-ea7ccc5 elementor-section-boxed elementor-section-height-default elementor-section-height-default\" data-id=\"ea7ccc5\" data-element_type=\"section\" data-e-type=\"section\">\n\t\t\t\t\t\t<div class=\"elementor-container elementor-column-gap-default\">\n\t\t\t\t\t<div class=\"elementor-column elementor-col-100 elementor-top-column elementor-element elementor-element-d17af20\" data-id=\"d17af20\" data-element_type=\"column\" data-e-type=\"column\">\n\t\t\t<div class=\"elementor-widget-wrap elementor-element-populated\">\n\t\t\t\t\t\t<div class=\"elementor-element elementor-element-eea32da elementor-widget elementor-widget-image\" data-id=\"eea32da\" data-element_type=\"widget\" data-e-type=\"widget\" data-widget_type=\"image.default\">\n\t\t\t\t<div class=\"elementor-widget-container\">\n\t\t\t\t\t\t\t\t\t\t\t\t\t\t\t<img decoding=\"async\" src=\"https:\/\/afterfishingaccessories.com\/wp-content\/uploads\/elementor\/thumbs\/fiske_och_outdoor-pqpor13e5ht0m20ewdtx3qajbzlyijf02etj7fwbjk.jpg\" title=\"fiske_och_outdoor\" alt=\"fiske_och_outdoor\" loading=\"lazy\" \/>\t\t\t\t\t\t\t\t\t\t\t\t\t\t\t<\/div>\n\t\t\t\t<\/div>\n\t\t\t\t\t<\/div>\n\t\t<\/div>\n\t\t\t\t\t<\/div>\n\t\t<\/section>\n\t\t\t\t<\/div>","protected":false},"excerpt":{"rendered":"<p>Hitta v\u00e5ra produkter i din n\u00e4rmaste fiskebutik eller best\u00e4lla dem h\u00e4r! Hittar du de inte i din n\u00e4rmaste butik, kontakta oss ifall vi kan leverera v\u00e5ra produkter till dem. \u00c4r du en fiskebutik, kontakta oss\u00a0g\u00e4rna\u00a0f\u00f6r att h\u00f6ra efter After Fishing produkter! Kontakt<\/p>","protected":false},"author":1,"featured_media":0,"parent":0,"menu_order":0,"comment_status":"closed","ping_status":"closed","template":"","meta":{"site-sidebar-layout":"default","site-content-layout":"","ast-site-content-layout":"default","site-content-style":"default","site-sidebar-style":"default","ast-global-header-display":"","ast-banner-title-visibility":"","ast-main-header-display":"","ast-hfb-above-header-display":"","ast-hfb-below-header-display":"","ast-hfb-mobile-header-display":"","site-post-title":"","ast-breadcrumbs-content":"","ast-featured-img":"","footer-sml-layout":"","ast-disable-related-posts":"","theme-transparent-header-meta":"","adv-header-id-meta":"","stick-header-meta":"","header-above-stick-meta":"","header-main-stick-meta":"","header-below-stick-meta":"","astra-migrate-meta-layouts":"default","ast-page-background-enabled":"default","ast-page-background-meta":{"desktop":{"background-color":"","background-image":"","background-repeat":"repeat","background-position":"center center","background-size":"auto","background-attachment":"scroll","background-type":"","background-media":"","overlay-type":"","overlay-color":"","overlay-opacity":"","overlay-gradient":""},"tablet":{"background-color":"","background-image":"","background-repeat":"repeat","background-position":"center center","background-size":"auto","background-attachment":"scroll","background-type":"","background-media":"","overlay-type":"","overlay-color":"","overlay-opacity":"","overlay-gradient":""},"mobile":{"background-color":"","background-image":"","background-repeat":"repeat","background-position":"center center","background-size":"auto","background-attachment":"scroll","background-type":"","background-media":"","overlay-type":"","overlay-color":"","overlay-opacity":"","overlay-gradient":""}},"ast-content-background-meta":{"desktop":{"background-color":"var(--ast-global-color-5)","background-image":"","background-repeat":"repeat","background-position":"center center","background-size":"auto","background-attachment":"scroll","background-type":"","background-media":"","overlay-type":"","overlay-color":"","overlay-opacity":"","overlay-gradient":""},"tablet":{"background-color":"var(--ast-global-color-5)","background-image":"","background-repeat":"repeat","background-position":"center center","background-size":"auto","background-attachment":"scroll","background-type":"","background-media":"","overlay-type":"","overlay-color":"","overlay-opacity":"","overlay-gradient":""},"mobile":{"background-color":"var(--ast-global-color-5)","background-image":"","background-repeat":"repeat","background-position":"center center","background-size":"auto","background-attachment":"scroll","background-type":"","background-media":"","overlay-type":"","overlay-color":"","overlay-opacity":"","overlay-gradient":""}},"footnotes":""},"class_list":["post-1843","page","type-page","status-publish","hentry"],"_links":{"self":[{"href":"https:\/\/afterfishingaccessories.com\/en\/wp-json\/wp\/v2\/pages\/1843","targetHints":{"allow":["GET"]}}],"collection":[{"href":"https:\/\/afterfishingaccessories.com\/en\/wp-json\/wp\/v2\/pages"}],"about":[{"href":"https:\/\/afterfishingaccessories.com\/en\/wp-json\/wp\/v2\/types\/page"}],"author":[{"embeddable":true,"href":"https:\/\/afterfishingaccessories.com\/en\/wp-json\/wp\/v2\/users\/1"}],"replies":[{"embeddable":true,"href":"https:\/\/afterfishingaccessories.com\/en\/wp-json\/wp\/v2\/comments?post=1843"}],"version-history":[{"count":0,"href":"https:\/\/afterfishingaccessories.com\/en\/wp-json\/wp\/v2\/pages\/1843\/revisions"}],"wp:attachment":[{"href":"https:\/\/afterfishingaccessories.com\/en\/wp-json\/wp\/v2\/media?parent=1843"}],"curies":[{"name":"wp","href":"https:\/\/api.w.org\/{rel}","templated":true}]}}