{"id":2378,"date":"2019-01-23T06:31:31","date_gmt":"2019-01-23T06:31:31","guid":{"rendered":"https:\/\/afterfishingaccessories.com\/about-us\/"},"modified":"2022-06-16T23:09:31","modified_gmt":"2022-06-16T23:09:31","slug":"about-us","status":"publish","type":"page","link":"https:\/\/afterfishingaccessories.com\/en\/about-us\/","title":{"rendered":"Om oss"},"content":{"rendered":"<div data-elementor-type=\"wp-post\" data-elementor-id=\"2378\" class=\"elementor elementor-2378\">\n\t\t\t\t\t\t<section class=\"elementor-section elementor-top-section elementor-element elementor-element-6ccdc95 elementor-section-content-middle elementor-section-boxed elementor-section-height-default elementor-section-height-default\" data-id=\"6ccdc95\" data-element_type=\"section\" data-e-type=\"section\" data-settings=\"{&quot;background_background&quot;:&quot;classic&quot;}\">\n\t\t\t\t\t\t\t<div class=\"elementor-background-overlay\"><\/div>\n\t\t\t\t\t\t\t<div class=\"elementor-container elementor-column-gap-no\">\n\t\t\t\t\t<div class=\"elementor-column elementor-col-100 elementor-top-column elementor-element elementor-element-4f6adc0\" data-id=\"4f6adc0\" data-element_type=\"column\" data-e-type=\"column\">\n\t\t\t<div class=\"elementor-widget-wrap elementor-element-populated\">\n\t\t\t\t\t\t<div class=\"elementor-element elementor-element-179c706 elementor-widget elementor-widget-heading\" data-id=\"179c706\" data-element_type=\"widget\" data-e-type=\"widget\" data-widget_type=\"heading.default\">\n\t\t\t\t<div class=\"elementor-widget-container\">\n\t\t\t\t\t<h1 class=\"elementor-heading-title elementor-size-default\">Om After Fishing<\/h1>\t\t\t\t<\/div>\n\t\t\t\t<\/div>\n\t\t\t\t\t<\/div>\n\t\t<\/div>\n\t\t\t\t\t<\/div>\n\t\t<\/section>\n\t\t\t\t<section class=\"elementor-section elementor-top-section elementor-element elementor-element-4a5d220 elementor-section-boxed elementor-section-height-default elementor-section-height-default\" data-id=\"4a5d220\" data-element_type=\"section\" data-e-type=\"section\">\n\t\t\t\t\t\t<div class=\"elementor-container elementor-column-gap-no\">\n\t\t\t\t\t<div class=\"elementor-column elementor-col-33 elementor-top-column elementor-element elementor-element-737ec4c\" data-id=\"737ec4c\" data-element_type=\"column\" data-e-type=\"column\">\n\t\t\t<div class=\"elementor-widget-wrap elementor-element-populated\">\n\t\t\t\t\t\t<div class=\"elementor-element elementor-element-efb0e9a elementor-widget elementor-widget-heading\" data-id=\"efb0e9a\" data-element_type=\"widget\" data-e-type=\"widget\" data-widget_type=\"heading.default\">\n\t\t\t\t<div class=\"elementor-widget-container\">\n\t\t\t\t\t<h3 class=\"elementor-heading-title elementor-size-default\">Vi p\u00e5 After Fishing utvecklar och producerar innovativa produkter av h\u00f6gsta kvalit\u00e9  till din fiske och friluftsliv!<\/h3>\t\t\t\t<\/div>\n\t\t\t\t<\/div>\n\t\t\t\t\t<\/div>\n\t\t<\/div>\n\t\t\t\t<div class=\"elementor-column elementor-col-66 elementor-top-column elementor-element elementor-element-e6bc9af\" data-id=\"e6bc9af\" data-element_type=\"column\" data-e-type=\"column\">\n\t\t\t<div class=\"elementor-widget-wrap elementor-element-populated\">\n\t\t\t\t\t\t<div class=\"elementor-element elementor-element-8bf9f70 elementor-widget elementor-widget-text-editor\" data-id=\"8bf9f70\" data-element_type=\"widget\" data-e-type=\"widget\" data-widget_type=\"text-editor.default\">\n\t\t\t\t<div class=\"elementor-widget-container\">\n\t\t\t\t\t\t\t\t\t<p>After Fishing\u00ae<span style=\"font-style: inherit; font-weight: inherit; background-color: var(--ast-global-color-4); color: var(--ast-global-color-3);\">\u00a0konceptet f\u00f6ddes ur v\u00e5r passion f\u00f6r fiske och friluftsliv. V\u00e5r l\u00e5nga erfarenhet av sportfiske har resulterat i behovet av dessa produkter. Vi arbetar med att t\u00e4cka dessa behov, fr\u00e5n det initiala l\u00f6sningskonceptet till en slutprodukt.\u00a0<\/span><\/p><p><span style=\"font-style: inherit; font-weight: inherit; background-color: var(--ast-global-color-4); color: var(--ast-global-color-3);\">After Fishing<\/span><span style=\"background-color: var(--ast-global-color-4); color: var(--ast-global-color-3); font-size: 1rem;\">\u00ae<\/span><span style=\"background-color: var(--ast-global-color-4); color: var(--ast-global-color-3); font-style: inherit; font-weight: inherit;\">\u00a0tillbeh\u00f6ren \u00e4r gjorda av en fiskare till anv\u00e4ndning av andra fiskare! Vi v\u00e4lkomnar er alla att verkligen uppt\u00e4cka v\u00e5ra fisketillbeh\u00f6r och tro mig! Du kommer inte att \u00e5ngra dig!<\/span><\/p>\t\t\t\t\t\t\t\t<\/div>\n\t\t\t\t<\/div>\n\t\t\t\t\t<\/div>\n\t\t<\/div>\n\t\t\t\t\t<\/div>\n\t\t<\/section>\n\t\t\t\t<section class=\"elementor-section elementor-top-section elementor-element elementor-element-a400379 elementor-section-content-middle elementor-section-boxed elementor-section-height-default elementor-section-height-default\" data-id=\"a400379\" data-element_type=\"section\" data-e-type=\"section\" data-settings=\"{&quot;background_background&quot;:&quot;classic&quot;}\">\n\t\t\t\t\t\t<div class=\"elementor-container elementor-column-gap-no\">\n\t\t\t\t\t<div class=\"elementor-column elementor-col-100 elementor-top-column elementor-element elementor-element-c9222c3\" data-id=\"c9222c3\" data-element_type=\"column\" data-e-type=\"column\">\n\t\t\t<div class=\"elementor-widget-wrap elementor-element-populated\">\n\t\t\t\t\t\t<div class=\"elementor-element elementor-element-7e489a2 elementor-widget elementor-widget-heading\" data-id=\"7e489a2\" data-element_type=\"widget\" data-e-type=\"widget\" data-widget_type=\"heading.default\">\n\t\t\t\t<div class=\"elementor-widget-container\">\n\t\t\t\t\t<h2 class=\"elementor-heading-title elementor-size-default\"><span style=\"color: var(--ast-global-color-2);font-size: 2rem;background-color: var( --e-global-color-astglobalcolor4 )\">After Fishing teamet<\/span><\/h2>\t\t\t\t<\/div>\n\t\t\t\t<\/div>\n\t\t\t\t<div class=\"elementor-element elementor-element-beeacce elementor-widget elementor-widget-image\" data-id=\"beeacce\" data-element_type=\"widget\" data-e-type=\"widget\" data-widget_type=\"image.default\">\n\t\t\t\t<div class=\"elementor-widget-container\">\n\t\t\t\t\t\t\t\t\t\t\t\t\t\t\t<img fetchpriority=\"high\" decoding=\"async\" width=\"2560\" height=\"1603\" src=\"https:\/\/afterfishingaccessories.com\/wp-content\/uploads\/2022\/06\/AFTERFISHING_BANNER_JUN2022-scaled.jpg\" class=\"attachment-full size-full wp-image-3531\" alt=\"\" srcset=\"https:\/\/afterfishingaccessories.com\/wp-content\/uploads\/2022\/06\/AFTERFISHING_BANNER_JUN2022-scaled.jpg 2560w, https:\/\/afterfishingaccessories.com\/wp-content\/uploads\/2022\/06\/AFTERFISHING_BANNER_JUN2022-scaled-600x376.jpg 600w, https:\/\/afterfishingaccessories.com\/wp-content\/uploads\/2022\/06\/AFTERFISHING_BANNER_JUN2022-300x188.jpg 300w, https:\/\/afterfishingaccessories.com\/wp-content\/uploads\/2022\/06\/AFTERFISHING_BANNER_JUN2022-1024x641.jpg 1024w, https:\/\/afterfishingaccessories.com\/wp-content\/uploads\/2022\/06\/AFTERFISHING_BANNER_JUN2022-768x481.jpg 768w, https:\/\/afterfishingaccessories.com\/wp-content\/uploads\/2022\/06\/AFTERFISHING_BANNER_JUN2022-1536x962.jpg 1536w, https:\/\/afterfishingaccessories.com\/wp-content\/uploads\/2022\/06\/AFTERFISHING_BANNER_JUN2022-2048x1282.jpg 2048w\" sizes=\"(max-width: 2560px) 100vw, 2560px\" \/>\t\t\t\t\t\t\t\t\t\t\t\t\t\t\t<\/div>\n\t\t\t\t<\/div>\n\t\t\t\t<div class=\"elementor-element elementor-element-d95e11a elementor-widget elementor-widget-text-editor\" data-id=\"d95e11a\" data-element_type=\"widget\" data-e-type=\"widget\" data-widget_type=\"text-editor.default\">\n\t\t\t\t<div class=\"elementor-widget-container\">\n\t\t\t\t\t\t\t\t\t<p><span data-language-for-alternatives=\"sv\" data-language-to-translate-into=\"en\" data-phrase-index=\"0\" data-number-of-phrases=\"9\">After Fishing konceptet f\u00f6ddes 2017 av tre fiskev\u00e4nner, med tre olika yrkeskategorier inom ingenj\u00f6rsvetenskap,\u00a0 digital design och media.<\/span>\u00a0<\/p><p><span data-language-for-alternatives=\"sv\" data-language-to-translate-into=\"en\" data-phrase-index=\"2\" data-number-of-phrases=\"9\">Under en str\u00f6mmingsfiskeutflykt i Stockholm klagade vi alla p\u00e5 fisklukten efter v\u00e5rt fiske och vi \u00f6nskade att det fanns en produkt f\u00f6r att effektivt ta bort lukten.<\/span> <span data-language-for-alternatives=\"sv\" data-language-to-translate-into=\"en\" data-phrase-index=\"3\" data-number-of-phrases=\"9\">N\u00e4r vi var hemma igen kl\u00e4cktes id\u00e9n, att utveckla en ny produkt som saknades p\u00e5 marknaden!<\/span>\u00a0<\/p><p><span data-language-for-alternatives=\"sv\" data-language-to-translate-into=\"en\" data-phrase-index=\"4\" data-number-of-phrases=\"9\">Efter flera m\u00e5naders h\u00e5rt arbete hade vi de f\u00f6rsta prototyperna av After Fishing<\/span><span style=\"background-color: var( --e-global-color-astglobalcolor4 );\">\u00ae<\/span><span style=\"font-style: inherit; font-weight: inherit; color: var(--ast-global-color-3); background-color: var( --e-global-color-astglobalcolor4 );\" data-language-for-alternatives=\"sv\" data-language-to-translate-into=\"en\" data-phrase-index=\"4\" data-number-of-phrases=\"9\">\u00a0FRESH!<\/span><\/p><p><span style=\"font-style: inherit; font-weight: inherit; color: var(--ast-global-color-3); background-color: var( --e-global-color-astglobalcolor4 );\" data-language-for-alternatives=\"sv\" data-language-to-translate-into=\"en\" data-phrase-index=\"6\" data-number-of-phrases=\"9\">Produktsortimentet ut\u00f6kades sedan.\u00a0<\/span><span style=\"font-style: inherit; font-weight: inherit; color: var(--ast-global-color-3); background-color: var( --e-global-color-astglobalcolor4 );\" data-language-for-alternatives=\"sv\" data-language-to-translate-into=\"en\" data-phrase-index=\"6\" data-number-of-phrases=\"9\">Ytterligare tv\u00e5 produkter tillkom. En insektavvisande (MOS FREE \/ MOSQUITO) och en antiseptiskt (ANTISEPTIC).<\/span><span style=\"font-style: inherit; font-weight: inherit; color: var(--ast-global-color-3); background-color: var( --e-global-color-astglobalcolor4 );\">\u00a0<\/span><\/p><p><span style=\"font-style: inherit; font-weight: inherit; color: var(--ast-global-color-3); background-color: var( --e-global-color-astglobalcolor4 );\" data-language-for-alternatives=\"sv\" data-language-to-translate-into=\"en\" data-phrase-index=\"8\" data-number-of-phrases=\"9\">Idag arbetar vi st\u00e4ndigt med att leverera h\u00f6gkvalitativa produkter till n\u00f6jda kunder, ut\u00f6ka v\u00e5rt distributionsn\u00e4t och att utveckla nya id\u00e9er till produkter!\u00a0<\/span><\/p><p><span style=\"font-size: 1rem; font-style: inherit; font-weight: inherit; color: var(--ast-global-color-3); background-color: var( --e-global-color-astglobalcolor4 );\">V\u00e5r vision \u00e4r att After Fishing<\/span><span style=\"background-color: var( --e-global-color-astglobalcolor4 );\">\u00ae<\/span><span style=\"background-color: var( --e-global-color-astglobalcolor4 ); color: var(--ast-global-color-3); font-size: 1rem; font-style: inherit; font-weight: inherit;\">\u00a0ska leverera gl\u00e4dje\u00a0 och inspiration f\u00f6r ett aktivt liv med sportfiske och friluftsliv, n\u00e4rmare naturen.<\/span><\/p>\t\t\t\t\t\t\t\t<\/div>\n\t\t\t\t<\/div>\n\t\t\t\t\t<\/div>\n\t\t<\/div>\n\t\t\t\t\t<\/div>\n\t\t<\/section>\n\t\t\t\t<section class=\"elementor-section elementor-top-section elementor-element elementor-element-6ec1e06 elementor-section-boxed elementor-section-height-default elementor-section-height-default\" data-id=\"6ec1e06\" data-element_type=\"section\" data-e-type=\"section\">\n\t\t\t\t\t\t<div class=\"elementor-container elementor-column-gap-default\">\n\t\t\t\t\t<div class=\"elementor-column elementor-col-100 elementor-top-column elementor-element elementor-element-e23d401\" data-id=\"e23d401\" data-element_type=\"column\" data-e-type=\"column\">\n\t\t\t<div class=\"elementor-widget-wrap elementor-element-populated\">\n\t\t\t\t\t\t<div class=\"elementor-element elementor-element-c7ea744 elementor-widget elementor-widget-video\" data-id=\"c7ea744\" data-element_type=\"widget\" data-e-type=\"widget\" data-settings=\"{&quot;video_type&quot;:&quot;hosted&quot;,&quot;autoplay&quot;:&quot;yes&quot;,&quot;play_on_mobile&quot;:&quot;yes&quot;,&quot;mute&quot;:&quot;yes&quot;,&quot;loop&quot;:&quot;yes&quot;,&quot;controls&quot;:&quot;yes&quot;}\" data-widget_type=\"video.default\">\n\t\t\t\t<div class=\"elementor-widget-container\">\n\t\t\t\t\t\t\t<div class=\"e-hosted-video elementor-wrapper elementor-open-inline\">\n\t\t\t\t\t<video class=\"elementor-video\" src=\"https:\/\/afterfishingaccessories.com\/wp-content\/uploads\/2021\/04\/2016_0101_000332_002.mp4\" autoplay=\"\" loop=\"\" controls=\"\" muted=\"muted\" playsinline=\"\" controlslist=\"nodownload\"><\/video>\n\t\t\t\t<\/div>\n\t\t\t\t\t\t<\/div>\n\t\t\t\t<\/div>\n\t\t\t\t<div class=\"elementor-element elementor-element-b325487 elementor-widget elementor-widget-heading\" data-id=\"b325487\" data-element_type=\"widget\" data-e-type=\"widget\" data-widget_type=\"heading.default\">\n\t\t\t\t<div class=\"elementor-widget-container\">\n\t\t\t\t\t<h2 class=\"elementor-heading-title elementor-size-default\">Om f\u00f6retaget<\/h2>\t\t\t\t<\/div>\n\t\t\t\t<\/div>\n\t\t\t\t<div class=\"elementor-element elementor-element-217c6ee elementor-widget elementor-widget-text-editor\" data-id=\"217c6ee\" data-element_type=\"widget\" data-e-type=\"widget\" data-widget_type=\"text-editor.default\">\n\t\t\t\t<div class=\"elementor-widget-container\">\n\t\t\t\t\t\t\t\t\t<p><span style=\"background-color: var(--ast-global-color-4); color: var(--ast-global-color-3); font-size: 1rem;\">After Fishing \u00e4r en varum\u00e4rke och branch av Synelixis AB. F\u00f6retaget <\/span><span style=\"background-color: var(--ast-global-color-4); color: var(--ast-global-color-3); font-size: 1rem; font-style: inherit; font-weight: inherit;\">utvecklar och producerar innovativa produkter inom sportfiske och friluftsliv branchen.<\/span><\/p><p>Synelixis AB, org. nr. 5561201-2717<\/p>\t\t\t\t\t\t\t\t<\/div>\n\t\t\t\t<\/div>\n\t\t\t\t\t<\/div>\n\t\t<\/div>\n\t\t\t\t\t<\/div>\n\t\t<\/section>\n\t\t\t\t<\/div>","protected":false},"excerpt":{"rendered":"<p>Om After Fishing Vi p\u00e5 After Fishing utvecklar och producerar innovativa produkter av h\u00f6gsta kvalit\u00e9 till din fiske och friluftsliv! After Fishing\u00ae\u00a0konceptet f\u00f6ddes ur v\u00e5r passion f\u00f6r fiske och friluftsliv. V\u00e5r l\u00e5nga erfarenhet av sportfiske har resulterat i behovet av dessa produkter. Vi arbetar med att t\u00e4cka dessa behov, fr\u00e5n det initiala l\u00f6sningskonceptet till en [&hellip;]<\/p>\n","protected":false},"author":1,"featured_media":0,"parent":0,"menu_order":0,"comment_status":"closed","ping_status":"closed","template":"","meta":{"site-sidebar-layout":"no-sidebar","site-content-layout":"page-builder","ast-site-content-layout":"default","site-content-style":"default","site-sidebar-style":"default","ast-global-header-display":"","ast-banner-title-visibility":"","ast-main-header-display":"","ast-hfb-above-header-display":"","ast-hfb-below-header-display":"","ast-hfb-mobile-header-display":"","site-post-title":"disabled","ast-breadcrumbs-content":"","ast-featured-img":"disabled","footer-sml-layout":"","ast-disable-related-posts":"","theme-transparent-header-meta":"enabled","adv-header-id-meta":"","stick-header-meta":"","header-above-stick-meta":"","header-main-stick-meta":"","header-below-stick-meta":"","astra-migrate-meta-layouts":"default","ast-page-background-enabled":"default","ast-page-background-meta":{"desktop":{"background-color":"","background-image":"","background-repeat":"repeat","background-position":"center center","background-size":"auto","background-attachment":"scroll","background-type":"","background-media":"","overlay-type":"","overlay-color":"","overlay-opacity":"","overlay-gradient":""},"tablet":{"background-color":"","background-image":"","background-repeat":"repeat","background-position":"center center","background-size":"auto","background-attachment":"scroll","background-type":"","background-media":"","overlay-type":"","overlay-color":"","overlay-opacity":"","overlay-gradient":""},"mobile":{"background-color":"","background-image":"","background-repeat":"repeat","background-position":"center center","background-size":"auto","background-attachment":"scroll","background-type":"","background-media":"","overlay-type":"","overlay-color":"","overlay-opacity":"","overlay-gradient":""}},"ast-content-background-meta":{"desktop":{"background-color":"var(--ast-global-color-5)","background-image":"","background-repeat":"repeat","background-position":"center center","background-size":"auto","background-attachment":"scroll","background-type":"","background-media":"","overlay-type":"","overlay-color":"","overlay-opacity":"","overlay-gradient":""},"tablet":{"background-color":"var(--ast-global-color-5)","background-image":"","background-repeat":"repeat","background-position":"center center","background-size":"auto","background-attachment":"scroll","background-type":"","background-media":"","overlay-type":"","overlay-color":"","overlay-opacity":"","overlay-gradient":""},"mobile":{"background-color":"var(--ast-global-color-5)","background-image":"","background-repeat":"repeat","background-position":"center center","background-size":"auto","background-attachment":"scroll","background-type":"","background-media":"","overlay-type":"","overlay-color":"","overlay-opacity":"","overlay-gradient":""}},"footnotes":""},"class_list":["post-2378","page","type-page","status-publish","hentry"],"_links":{"self":[{"href":"https:\/\/afterfishingaccessories.com\/en\/wp-json\/wp\/v2\/pages\/2378","targetHints":{"allow":["GET"]}}],"collection":[{"href":"https:\/\/afterfishingaccessories.com\/en\/wp-json\/wp\/v2\/pages"}],"about":[{"href":"https:\/\/afterfishingaccessories.com\/en\/wp-json\/wp\/v2\/types\/page"}],"author":[{"embeddable":true,"href":"https:\/\/afterfishingaccessories.com\/en\/wp-json\/wp\/v2\/users\/1"}],"replies":[{"embeddable":true,"href":"https:\/\/afterfishingaccessories.com\/en\/wp-json\/wp\/v2\/comments?post=2378"}],"version-history":[{"count":0,"href":"https:\/\/afterfishingaccessories.com\/en\/wp-json\/wp\/v2\/pages\/2378\/revisions"}],"wp:attachment":[{"href":"https:\/\/afterfishingaccessories.com\/en\/wp-json\/wp\/v2\/media?parent=2378"}],"curies":[{"name":"wp","href":"https:\/\/api.w.org\/{rel}","templated":true}]}}