{"id":3893,"date":"2022-06-10T23:59:34","date_gmt":"2022-06-10T23:59:34","guid":{"rendered":"https:\/\/afterfishingaccessories.com\/?post_type=product&#038;p=3893"},"modified":"2022-06-17T01:12:08","modified_gmt":"2022-06-17T01:12:08","slug":"fresh","status":"publish","type":"product","link":"https:\/\/afterfishingaccessories.com\/en\/product\/fresh\/","title":{"rendered":"Fresh"},"content":{"rendered":"<p>\u201cFRESH\u201d \u00e4r eng\u00e5ngsv\u00e5tservetter med unik sammans\u00e4ttning som motverkar fisklukt. Den aktiva formeln \u00e4r utvecklad f\u00f6r att ta bort lukter fr\u00e5n vattenlevande organismer; det \u00e4r baserad p\u00e5 etanol, glykol och lipider samt 100% milj\u00f6v\u00e4nlig. \u201cFRESH\u201d v\u00e5tservetter \u00e4r effektiva mot lukt fr\u00e5n fisk, r\u00e4kor, kr\u00e4ftor, metmask mm. \u201cFRESH\u201d \u00e4r ocks\u00e5 effektiv mot smuts. Anv\u00e4nd \u201cFRESH\u201d f\u00f6r att reng\u00f6ra dina h\u00e4nder och fiskeutrustning s\u00e5som sp\u00f6n, ekolod, b\u00e5ten m.m. Praktiskt, smidigt, enkelt och effektivt!<\/p>","protected":false},"excerpt":{"rendered":"<p>Rena h\u00e4nder utan fisklukt och smuts med FRESH eng\u00e5ngsv\u00e5tservetter! Tar bort lukt fr\u00e5n fisk, r\u00e4kor, kr\u00e4ftor, metmask mm. och smuts. Anv\u00e4nd \u201cFRESH\u201d f\u00f6r att reng\u00f6ra dina h\u00e4nder och fiskeutrustning s\u00e5som sp\u00f6n, ekolod, b\u00e5ten. Praktiskt, smidigt, enkelt och effektivt!<\/p>","protected":false},"featured_media":3724,"comment_status":"open","ping_status":"closed","template":"","meta":{"site-sidebar-layout":"default","site-content-layout":"default","ast-site-content-layout":"default","site-content-style":"default","site-sidebar-style":"default","ast-global-header-display":"","ast-banner-title-visibility":"","ast-main-header-display":"","ast-hfb-above-header-display":"","ast-hfb-below-header-display":"","ast-hfb-mobile-header-display":"","site-post-title":"","ast-breadcrumbs-content":"","ast-featured-img":"","footer-sml-layout":"","ast-disable-related-posts":"","theme-transparent-header-meta":"default","adv-header-id-meta":"","stick-header-meta":"","header-above-stick-meta":"","header-main-stick-meta":"","header-below-stick-meta":"","astra-migrate-meta-layouts":"default","ast-page-background-enabled":"default","ast-page-background-meta":{"desktop":{"background-color":"","background-image":"","background-repeat":"repeat","background-position":"center center","background-size":"auto","background-attachment":"scroll","background-type":"","background-media":"","overlay-type":"","overlay-color":"","overlay-opacity":"","overlay-gradient":""},"tablet":{"background-color":"","background-image":"","background-repeat":"repeat","background-position":"center center","background-size":"auto","background-attachment":"scroll","background-type":"","background-media":"","overlay-type":"","overlay-color":"","overlay-opacity":"","overlay-gradient":""},"mobile":{"background-color":"","background-image":"","background-repeat":"repeat","background-position":"center center","background-size":"auto","background-attachment":"scroll","background-type":"","background-media":"","overlay-type":"","overlay-color":"","overlay-opacity":"","overlay-gradient":""}},"ast-content-background-meta":{"desktop":{"background-color":"var(--ast-global-color-5)","background-image":"","background-repeat":"repeat","background-position":"center center","background-size":"auto","background-attachment":"scroll","background-type":"","background-media":"","overlay-type":"","overlay-color":"","overlay-opacity":"","overlay-gradient":""},"tablet":{"background-color":"var(--ast-global-color-5)","background-image":"","background-repeat":"repeat","background-position":"center center","background-size":"auto","background-attachment":"scroll","background-type":"","background-media":"","overlay-type":"","overlay-color":"","overlay-opacity":"","overlay-gradient":""},"mobile":{"background-color":"var(--ast-global-color-5)","background-image":"","background-repeat":"repeat","background-position":"center center","background-size":"auto","background-attachment":"scroll","background-type":"","background-media":"","overlay-type":"","overlay-color":"","overlay-opacity":"","overlay-gradient":""}}},"product_brand":[],"product_cat":[33],"product_tag":[],"class_list":{"0":"post-3893","1":"product","2":"type-product","3":"status-publish","4":"has-post-thumbnail","6":"product_cat-funktionella-vatservetter","7":"product_shipping_class-brev","8":"desktop-align-left","9":"tablet-align-left","10":"mobile-align-left","12":"first","13":"instock","14":"featured","15":"taxable","16":"shipping-taxable","17":"purchasable","18":"product-type-simple"},"_links":{"self":[{"href":"https:\/\/afterfishingaccessories.com\/en\/wp-json\/wp\/v2\/product\/3893","targetHints":{"allow":["GET"]}}],"collection":[{"href":"https:\/\/afterfishingaccessories.com\/en\/wp-json\/wp\/v2\/product"}],"about":[{"href":"https:\/\/afterfishingaccessories.com\/en\/wp-json\/wp\/v2\/types\/product"}],"replies":[{"embeddable":true,"href":"https:\/\/afterfishingaccessories.com\/en\/wp-json\/wp\/v2\/comments?post=3893"}],"wp:featuredmedia":[{"embeddable":true,"href":"https:\/\/afterfishingaccessories.com\/en\/wp-json\/wp\/v2\/media\/3724"}],"wp:attachment":[{"href":"https:\/\/afterfishingaccessories.com\/en\/wp-json\/wp\/v2\/media?parent=3893"}],"wp:term":[{"taxonomy":"product_brand","embeddable":true,"href":"https:\/\/afterfishingaccessories.com\/en\/wp-json\/wp\/v2\/product_brand?post=3893"},{"taxonomy":"product_cat","embeddable":true,"href":"https:\/\/afterfishingaccessories.com\/en\/wp-json\/wp\/v2\/product_cat?post=3893"},{"taxonomy":"product_tag","embeddable":true,"href":"https:\/\/afterfishingaccessories.com\/en\/wp-json\/wp\/v2\/product_tag?post=3893"}],"curies":[{"name":"wp","href":"https:\/\/api.w.org\/{rel}","templated":true}]}}