{"id":3894,"date":"2022-06-10T23:59:34","date_gmt":"2022-06-10T23:59:34","guid":{"rendered":"https:\/\/afterfishingaccessories.com\/?post_type=product&#038;p=3894"},"modified":"2022-06-20T16:42:29","modified_gmt":"2022-06-20T16:42:29","slug":"mosquito","status":"publish","type":"product","link":"https:\/\/afterfishingaccessories.com\/en\/product\/mosquito\/","title":{"rendered":"Mosquito"},"content":{"rendered":"<p>\u201cMOSQUITO\u201d \u00e4r eng\u00e5ngs insektavvisande v\u00e5tservetter. Med en v\u00e4xtbaserat sammans\u00e4ttning f\u00f6r effektiv skydd mot mygg, f\u00e4stingar, knott och andra bitande insekter i upp till 6 timmar! Smidig f\u00f6rpackning och effektiv skydd till friluftsliv, fiske och travel. MOSQUITO finns ocks\u00e5 under den andra varum\u00e4rke MOS FREE. S\u00c5 H\u00c4R ANV\u00c4NDER DU MOSQUITO \u00d6ppna \u201cMOSQUITO\u201d p\u00e5sen, bred ut servetten och applicera p\u00e5 hudytor f\u00f6r effektiv skydd mot mygg, f\u00e4stingar, knott och andra bitande insekter i upp till 6 timmar. Sammans\u00e4ttningen \u00e4r baserat p\u00e5 lemon eucalyptus eteriska oljor och rosmarin eteriska oljor. Varningar: Undvik kontakt med \u00f6gon, l\u00e4ppar och n\u00e4san. Anv\u00e4nd inte p\u00e5 skadad och irriterad hud. F\u00f6rvaras o\u00e5tkomligt f\u00f6r barn. F\u00e5r inte anv\u00e4ndas p\u00e5 barn under 6 m\u00e5nader.<\/p>","protected":false},"excerpt":{"rendered":"<p>Insektavvisande v\u00e5tservetter! Effektiv v\u00e4xtbaserat sammans\u00e4ttning ger skydd mot mygg, f\u00e4sting, knott och andra bitande insekter i upp till 5 timmar!<\/p>","protected":false},"featured_media":3722,"comment_status":"open","ping_status":"closed","template":"","meta":{"site-sidebar-layout":"default","site-content-layout":"default","ast-site-content-layout":"default","site-content-style":"default","site-sidebar-style":"default","ast-global-header-display":"","ast-banner-title-visibility":"","ast-main-header-display":"","ast-hfb-above-header-display":"","ast-hfb-below-header-display":"","ast-hfb-mobile-header-display":"","site-post-title":"","ast-breadcrumbs-content":"","ast-featured-img":"","footer-sml-layout":"","ast-disable-related-posts":"","theme-transparent-header-meta":"default","adv-header-id-meta":"","stick-header-meta":"","header-above-stick-meta":"","header-main-stick-meta":"","header-below-stick-meta":"","astra-migrate-meta-layouts":"default","ast-page-background-enabled":"default","ast-page-background-meta":{"desktop":{"background-color":"","background-image":"","background-repeat":"repeat","background-position":"center center","background-size":"auto","background-attachment":"scroll","background-type":"","background-media":"","overlay-type":"","overlay-color":"","overlay-opacity":"","overlay-gradient":""},"tablet":{"background-color":"","background-image":"","background-repeat":"repeat","background-position":"center center","background-size":"auto","background-attachment":"scroll","background-type":"","background-media":"","overlay-type":"","overlay-color":"","overlay-opacity":"","overlay-gradient":""},"mobile":{"background-color":"","background-image":"","background-repeat":"repeat","background-position":"center center","background-size":"auto","background-attachment":"scroll","background-type":"","background-media":"","overlay-type":"","overlay-color":"","overlay-opacity":"","overlay-gradient":""}},"ast-content-background-meta":{"desktop":{"background-color":"var(--ast-global-color-5)","background-image":"","background-repeat":"repeat","background-position":"center center","background-size":"auto","background-attachment":"scroll","background-type":"","background-media":"","overlay-type":"","overlay-color":"","overlay-opacity":"","overlay-gradient":""},"tablet":{"background-color":"var(--ast-global-color-5)","background-image":"","background-repeat":"repeat","background-position":"center center","background-size":"auto","background-attachment":"scroll","background-type":"","background-media":"","overlay-type":"","overlay-color":"","overlay-opacity":"","overlay-gradient":""},"mobile":{"background-color":"var(--ast-global-color-5)","background-image":"","background-repeat":"repeat","background-position":"center center","background-size":"auto","background-attachment":"scroll","background-type":"","background-media":"","overlay-type":"","overlay-color":"","overlay-opacity":"","overlay-gradient":""}}},"product_brand":[],"product_cat":[33],"product_tag":[],"class_list":{"0":"post-3894","1":"product","2":"type-product","3":"status-publish","4":"has-post-thumbnail","6":"product_cat-funktionella-vatservetter","7":"product_shipping_class-brev","8":"desktop-align-left","9":"tablet-align-left","10":"mobile-align-left","12":"first","13":"instock","14":"featured","15":"taxable","16":"shipping-taxable","17":"purchasable","18":"product-type-simple"},"_links":{"self":[{"href":"https:\/\/afterfishingaccessories.com\/en\/wp-json\/wp\/v2\/product\/3894","targetHints":{"allow":["GET"]}}],"collection":[{"href":"https:\/\/afterfishingaccessories.com\/en\/wp-json\/wp\/v2\/product"}],"about":[{"href":"https:\/\/afterfishingaccessories.com\/en\/wp-json\/wp\/v2\/types\/product"}],"replies":[{"embeddable":true,"href":"https:\/\/afterfishingaccessories.com\/en\/wp-json\/wp\/v2\/comments?post=3894"}],"wp:featuredmedia":[{"embeddable":true,"href":"https:\/\/afterfishingaccessories.com\/en\/wp-json\/wp\/v2\/media\/3722"}],"wp:attachment":[{"href":"https:\/\/afterfishingaccessories.com\/en\/wp-json\/wp\/v2\/media?parent=3894"}],"wp:term":[{"taxonomy":"product_brand","embeddable":true,"href":"https:\/\/afterfishingaccessories.com\/en\/wp-json\/wp\/v2\/product_brand?post=3894"},{"taxonomy":"product_cat","embeddable":true,"href":"https:\/\/afterfishingaccessories.com\/en\/wp-json\/wp\/v2\/product_cat?post=3894"},{"taxonomy":"product_tag","embeddable":true,"href":"https:\/\/afterfishingaccessories.com\/en\/wp-json\/wp\/v2\/product_tag?post=3894"}],"curies":[{"name":"wp","href":"https:\/\/api.w.org\/{rel}","templated":true}]}}