{"id":3900,"date":"2022-06-10T23:59:34","date_gmt":"2022-06-10T23:59:34","guid":{"rendered":"https:\/\/afterfishingaccessories.com\/?post_type=product&#038;p=3900"},"modified":"2022-06-17T01:13:40","modified_gmt":"2022-06-17T01:13:40","slug":"antiseptic-box-50","status":"publish","type":"product","link":"https:\/\/afterfishingaccessories.com\/en\/product\/antiseptic-box-50\/","title":{"rendered":"Antiseptic Box 50"},"content":{"rendered":"<p>\u201cANTISEPTIC\u201d \u00e4r eng\u00e5ngsv\u00e5tservetter med antibakteriell effekt som d\u00f6dar 99.9% av bakterier och \u00e4r \u00e4ven effektiva mot svamp och virus. \u201cANTISEPTIC\u201d formeln \u00e4r baserat p\u00e5 en 70% alkohol-l\u00f6sning. Anv\u00e4nd dem f\u00f6r att sterilisera sm\u00e5 s\u00e5r fr\u00e5n krok eller kniv. Anv\u00e4nd \u201cANTISEPTIC\u201d \u00e4ven f\u00f6r att reng\u00f6ra h\u00e4nderna innan m\u00e5ltid eller f\u00f6r att p\u00e5 ett enkelt s\u00e4tt reng\u00f6ra barnens h\u00e4nder efter lek och fiske!<\/p>\n<p>S\u00c5 H\u00c4R ANV\u00c4NDER DU ANTISEPTIC<br \/>\n\u00d6ppna \u201cANTISEPTIC\u201d p\u00e5sen, bred ut servetten och applicera p\u00e5 hudytor f\u00f6r effektivt antibakteriell skydd.<\/p>","protected":false},"excerpt":{"rendered":"<p>Antibakteriella eng\u00e5ngsv\u00e5tservetter, d\u00f6dar 99.9% av bakterier och effektiva mot svamp och virus.<\/p>","protected":false},"featured_media":3719,"comment_status":"open","ping_status":"closed","template":"","meta":{"site-sidebar-layout":"default","site-content-layout":"default","ast-site-content-layout":"default","site-content-style":"default","site-sidebar-style":"default","ast-global-header-display":"","ast-banner-title-visibility":"","ast-main-header-display":"","ast-hfb-above-header-display":"","ast-hfb-below-header-display":"","ast-hfb-mobile-header-display":"","site-post-title":"","ast-breadcrumbs-content":"","ast-featured-img":"","footer-sml-layout":"","ast-disable-related-posts":"","theme-transparent-header-meta":"default","adv-header-id-meta":"","stick-header-meta":"","header-above-stick-meta":"","header-main-stick-meta":"","header-below-stick-meta":"","astra-migrate-meta-layouts":"default","ast-page-background-enabled":"default","ast-page-background-meta":{"desktop":{"background-color":"","background-image":"","background-repeat":"repeat","background-position":"center center","background-size":"auto","background-attachment":"scroll","background-type":"","background-media":"","overlay-type":"","overlay-color":"","overlay-opacity":"","overlay-gradient":""},"tablet":{"background-color":"","background-image":"","background-repeat":"repeat","background-position":"center center","background-size":"auto","background-attachment":"scroll","background-type":"","background-media":"","overlay-type":"","overlay-color":"","overlay-opacity":"","overlay-gradient":""},"mobile":{"background-color":"","background-image":"","background-repeat":"repeat","background-position":"center center","background-size":"auto","background-attachment":"scroll","background-type":"","background-media":"","overlay-type":"","overlay-color":"","overlay-opacity":"","overlay-gradient":""}},"ast-content-background-meta":{"desktop":{"background-color":"var(--ast-global-color-5)","background-image":"","background-repeat":"repeat","background-position":"center center","background-size":"auto","background-attachment":"scroll","background-type":"","background-media":"","overlay-type":"","overlay-color":"","overlay-opacity":"","overlay-gradient":""},"tablet":{"background-color":"var(--ast-global-color-5)","background-image":"","background-repeat":"repeat","background-position":"center center","background-size":"auto","background-attachment":"scroll","background-type":"","background-media":"","overlay-type":"","overlay-color":"","overlay-opacity":"","overlay-gradient":""},"mobile":{"background-color":"var(--ast-global-color-5)","background-image":"","background-repeat":"repeat","background-position":"center center","background-size":"auto","background-attachment":"scroll","background-type":"","background-media":"","overlay-type":"","overlay-color":"","overlay-opacity":"","overlay-gradient":""}}},"product_brand":[],"product_cat":[39],"product_tag":[],"class_list":{"0":"post-3900","1":"product","2":"type-product","3":"status-publish","4":"has-post-thumbnail","6":"product_cat-vatservetter-box","7":"product_shipping_class-paket","8":"desktop-align-left","9":"tablet-align-left","10":"mobile-align-left","12":"first","13":"instock","14":"sale","15":"taxable","16":"shipping-taxable","17":"purchasable","18":"product-type-simple"},"_links":{"self":[{"href":"https:\/\/afterfishingaccessories.com\/en\/wp-json\/wp\/v2\/product\/3900","targetHints":{"allow":["GET"]}}],"collection":[{"href":"https:\/\/afterfishingaccessories.com\/en\/wp-json\/wp\/v2\/product"}],"about":[{"href":"https:\/\/afterfishingaccessories.com\/en\/wp-json\/wp\/v2\/types\/product"}],"replies":[{"embeddable":true,"href":"https:\/\/afterfishingaccessories.com\/en\/wp-json\/wp\/v2\/comments?post=3900"}],"wp:featuredmedia":[{"embeddable":true,"href":"https:\/\/afterfishingaccessories.com\/en\/wp-json\/wp\/v2\/media\/3719"}],"wp:attachment":[{"href":"https:\/\/afterfishingaccessories.com\/en\/wp-json\/wp\/v2\/media?parent=3900"}],"wp:term":[{"taxonomy":"product_brand","embeddable":true,"href":"https:\/\/afterfishingaccessories.com\/en\/wp-json\/wp\/v2\/product_brand?post=3900"},{"taxonomy":"product_cat","embeddable":true,"href":"https:\/\/afterfishingaccessories.com\/en\/wp-json\/wp\/v2\/product_cat?post=3900"},{"taxonomy":"product_tag","embeddable":true,"href":"https:\/\/afterfishingaccessories.com\/en\/wp-json\/wp\/v2\/product_tag?post=3900"}],"curies":[{"name":"wp","href":"https:\/\/api.w.org\/{rel}","templated":true}]}}