{"id":3903,"date":"2022-06-10T23:59:34","date_gmt":"2022-06-10T23:59:34","guid":{"rendered":"https:\/\/afterfishingaccessories.com\/?post_type=product&#038;p=3903"},"modified":"2022-06-17T01:15:38","modified_gmt":"2022-06-17T01:15:38","slug":"after-fishing-mossa-stretch-svart","status":"publish","type":"product","link":"https:\/\/afterfishingaccessories.com\/en\/product\/after-fishing-mossa-stretch-svart\/","title":{"rendered":"After Fishing\u00ae m\u00f6ssa stretch svart"},"content":{"rendered":"<p>After Fishing\u00ae m\u00f6ssa Stretch \u00e4r en svart och stretchig m\u00f6ssa. Varma och sk\u00f6na fiskem\u00f6ssor fr\u00e5n After Fishing\u00ae!<\/p>","protected":false},"excerpt":{"rendered":"<p>After Fishing M\u00f6ssa \u00e4r en svart och stretchig m\u00f6ssa.<\/p>","protected":false},"featured_media":3890,"comment_status":"open","ping_status":"closed","template":"","meta":{"site-sidebar-layout":"default","site-content-layout":"default","ast-site-content-layout":"default","site-content-style":"default","site-sidebar-style":"default","ast-global-header-display":"","ast-banner-title-visibility":"","ast-main-header-display":"","ast-hfb-above-header-display":"","ast-hfb-below-header-display":"","ast-hfb-mobile-header-display":"","site-post-title":"","ast-breadcrumbs-content":"","ast-featured-img":"","footer-sml-layout":"","ast-disable-related-posts":"","theme-transparent-header-meta":"default","adv-header-id-meta":"","stick-header-meta":"","header-above-stick-meta":"","header-main-stick-meta":"","header-below-stick-meta":"","astra-migrate-meta-layouts":"default","ast-page-background-enabled":"default","ast-page-background-meta":{"desktop":{"background-color":"","background-image":"","background-repeat":"repeat","background-position":"center center","background-size":"auto","background-attachment":"scroll","background-type":"","background-media":"","overlay-type":"","overlay-color":"","overlay-opacity":"","overlay-gradient":""},"tablet":{"background-color":"","background-image":"","background-repeat":"repeat","background-position":"center center","background-size":"auto","background-attachment":"scroll","background-type":"","background-media":"","overlay-type":"","overlay-color":"","overlay-opacity":"","overlay-gradient":""},"mobile":{"background-color":"","background-image":"","background-repeat":"repeat","background-position":"center center","background-size":"auto","background-attachment":"scroll","background-type":"","background-media":"","overlay-type":"","overlay-color":"","overlay-opacity":"","overlay-gradient":""}},"ast-content-background-meta":{"desktop":{"background-color":"var(--ast-global-color-5)","background-image":"","background-repeat":"repeat","background-position":"center center","background-size":"auto","background-attachment":"scroll","background-type":"","background-media":"","overlay-type":"","overlay-color":"","overlay-opacity":"","overlay-gradient":""},"tablet":{"background-color":"var(--ast-global-color-5)","background-image":"","background-repeat":"repeat","background-position":"center center","background-size":"auto","background-attachment":"scroll","background-type":"","background-media":"","overlay-type":"","overlay-color":"","overlay-opacity":"","overlay-gradient":""},"mobile":{"background-color":"var(--ast-global-color-5)","background-image":"","background-repeat":"repeat","background-position":"center center","background-size":"auto","background-attachment":"scroll","background-type":"","background-media":"","overlay-type":"","overlay-color":"","overlay-opacity":"","overlay-gradient":""}}},"product_brand":[],"product_cat":[36],"product_tag":[],"class_list":{"0":"post-3903","1":"product","2":"type-product","3":"status-publish","4":"has-post-thumbnail","6":"product_cat-klader","7":"product_shipping_class-brev","8":"desktop-align-left","9":"tablet-align-left","10":"mobile-align-left","12":"first","13":"instock","14":"featured","15":"taxable","16":"shipping-taxable","17":"purchasable","18":"product-type-simple"},"_links":{"self":[{"href":"https:\/\/afterfishingaccessories.com\/en\/wp-json\/wp\/v2\/product\/3903","targetHints":{"allow":["GET"]}}],"collection":[{"href":"https:\/\/afterfishingaccessories.com\/en\/wp-json\/wp\/v2\/product"}],"about":[{"href":"https:\/\/afterfishingaccessories.com\/en\/wp-json\/wp\/v2\/types\/product"}],"replies":[{"embeddable":true,"href":"https:\/\/afterfishingaccessories.com\/en\/wp-json\/wp\/v2\/comments?post=3903"}],"wp:featuredmedia":[{"embeddable":true,"href":"https:\/\/afterfishingaccessories.com\/en\/wp-json\/wp\/v2\/media\/3890"}],"wp:attachment":[{"href":"https:\/\/afterfishingaccessories.com\/en\/wp-json\/wp\/v2\/media?parent=3903"}],"wp:term":[{"taxonomy":"product_brand","embeddable":true,"href":"https:\/\/afterfishingaccessories.com\/en\/wp-json\/wp\/v2\/product_brand?post=3903"},{"taxonomy":"product_cat","embeddable":true,"href":"https:\/\/afterfishingaccessories.com\/en\/wp-json\/wp\/v2\/product_cat?post=3903"},{"taxonomy":"product_tag","embeddable":true,"href":"https:\/\/afterfishingaccessories.com\/en\/wp-json\/wp\/v2\/product_tag?post=3903"}],"curies":[{"name":"wp","href":"https:\/\/api.w.org\/{rel}","templated":true}]}}